{"id":2,"date":"2018-06-14T11:32:25","date_gmt":"2018-06-14T11:32:25","guid":{"rendered":"http:\/\/localhost\/wp\/wp481\/?page_id=2"},"modified":"2024-09-20T09:45:34","modified_gmt":"2024-09-20T09:45:34","slug":"home","status":"publish","type":"page","link":"https:\/\/www.mycistroje.cz\/","title":{"rendered":"Prodej, pron\u00e1jem, servis a poradenstv\u00ed v oboru myc\u00edch stroj\u016f"},"content":{"rendered":"<p style=\"text-align: center;\">Slu\u017eby zahrnuj\u00ed myc\u00ed stroje t\u011bchto a dal\u0161\u00edch v\u00fdrobc\u016f:<\/p>\n<p><img loading=\"lazy\" class=\"aligncenter size-large wp-image-125\" src=\"http:\/\/www.mycistroje.cz\/wp-content\/uploads\/2018\/06\/loga-1024x442.jpg\" alt=\"\" width=\"900\" height=\"388\" srcset=\"https:\/\/www.mycistroje.cz\/wp-content\/uploads\/2018\/06\/loga-1024x442.jpg 1024w, https:\/\/www.mycistroje.cz\/wp-content\/uploads\/2018\/06\/loga-300x129.jpg 300w, https:\/\/www.mycistroje.cz\/wp-content\/uploads\/2018\/06\/loga-768x331.jpg 768w, https:\/\/www.mycistroje.cz\/wp-content\/uploads\/2018\/06\/loga.jpg 1581w\" sizes=\"(max-width: 900px) 100vw, 900px\" \/><\/p>\n<p style=\"text-align: center;\">\n","protected":false},"excerpt":{"rendered":"<p>Slu\u017eby zahrnuj\u00ed myc\u00ed stroje t\u011bchto a dal\u0161\u00edch v\u00fdrobc\u016f:<\/p>\n","protected":false},"author":1,"featured_media":0,"parent":0,"menu_order":0,"comment_status":"closed","ping_status":"closed","template":"","meta":[],"_links":{"self":[{"href":"https:\/\/www.mycistroje.cz\/index.php\/wp-json\/wp\/v2\/pages\/2"}],"collection":[{"href":"https:\/\/www.mycistroje.cz\/index.php\/wp-json\/wp\/v2\/pages"}],"about":[{"href":"https:\/\/www.mycistroje.cz\/index.php\/wp-json\/wp\/v2\/types\/page"}],"author":[{"embeddable":true,"href":"https:\/\/www.mycistroje.cz\/index.php\/wp-json\/wp\/v2\/users\/1"}],"replies":[{"embeddable":true,"href":"https:\/\/www.mycistroje.cz\/index.php\/wp-json\/wp\/v2\/comments?post=2"}],"version-history":[{"count":28,"href":"https:\/\/www.mycistroje.cz\/index.php\/wp-json\/wp\/v2\/pages\/2\/revisions"}],"predecessor-version":[{"id":189,"href":"https:\/\/www.mycistroje.cz\/index.php\/wp-json\/wp\/v2\/pages\/2\/revisions\/189"}],"wp:attachment":[{"href":"https:\/\/www.mycistroje.cz\/index.php\/wp-json\/wp\/v2\/media?parent=2"}],"curies":[{"name":"wp","href":"https:\/\/api.w.org\/{rel}","templated":true}]}}